{"id":1731,"date":"2022-06-28T19:29:34","date_gmt":"2022-06-28T17:29:34","guid":{"rendered":"https:\/\/artistmage.hu\/?page_id=1731"},"modified":"2022-08-17T23:58:01","modified_gmt":"2022-08-17T21:58:01","slug":"szolgaltatasok","status":"publish","type":"page","link":"https:\/\/artistmage.hu\/en\/szolgaltatasok\/","title":{"rendered":"Services"},"content":{"rendered":"<div data-elementor-type=\"wp-page\" data-elementor-id=\"1731\" class=\"elementor elementor-1731\">\n\t\t\t\t\t\t\t\t\t<section class=\"elementor-section elementor-top-section elementor-element elementor-element-f412a14 elementor-section-content-middle elementor-section-height-full elementor-section-boxed elementor-section-height-default elementor-section-items-middle\" data-id=\"f412a14\" data-element_type=\"section\" data-settings=\"{&quot;background_background&quot;:&quot;classic&quot;}\">\n\t\t\t\t\t\t\t<div class=\"elementor-background-overlay\"><\/div>\n\t\t\t\t\t\t\t<div class=\"elementor-container elementor-column-gap-default\">\n\t\t\t\t\t<div class=\"elementor-column elementor-col-50 elementor-top-column elementor-element elementor-element-30921ea\" data-id=\"30921ea\" data-element_type=\"column\">\n\t\t\t<div class=\"elementor-widget-wrap elementor-element-populated\">\n\t\t\t\t\t\t\t\t<div class=\"elementor-element elementor-element-0e77240 elementor-flip-box--effect-fade elementor-widget elementor-widget-flip-box\" data-id=\"0e77240\" data-element_type=\"widget\" data-widget_type=\"flip-box.default\">\n\t\t\t\t<div class=\"elementor-widget-container\">\n\t\t\t<link rel=\"stylesheet\" href=\"https:\/\/artistmage.hu\/wp-content\/plugins\/elementor-pro\/assets\/css\/widget-flip-box.min.css\">\t\t<div class=\"elementor-flip-box\">\n\t\t\t<div class=\"elementor-flip-box__layer elementor-flip-box__front\">\n\t\t\t\t<div class=\"elementor-flip-box__layer__overlay\">\n\t\t\t\t\t<div class=\"elementor-flip-box__layer__inner\">\n\t\t\t\t\t\t\t\t\t\t\t\t\t<div class=\"elementor-icon-wrapper elementor-view-default\">\n\t\t\t\t\t\t\t\t<div class=\"elementor-icon\">\n\t\t\t\t\t\t\t\t\t<i class=\"fas fa-laptop\"><\/i>\t\t\t\t\t\t\t\t<\/div>\n\t\t\t\t\t\t\t<\/div>\n\t\t\t\t\t\t\n\t\t\t\t\t\t\t\t\t\t\t\t\t<h3 class=\"elementor-flip-box__layer__title\">\n\t\t\t\t\t\t\t\tWebdesign\t\t\t\t\t\t\t<\/h3>\n\t\t\t\t\t\t\n\t\t\t\t\t\t\t\t\t\t\t<\/div>\n\t\t\t\t<\/div>\n\t\t\t<\/div>\n\t\t\t<div class=\"elementor-flip-box__layer elementor-flip-box__back\">\n\t\t\t<div class=\"elementor-flip-box__layer__overlay\">\n\t\t\t\t<div class=\"elementor-flip-box__layer__inner\">\n\t\t\t\t\t\t\t\t\t\t\t<h3 class=\"elementor-flip-box__layer__title\">\n\t\t\t\t\t\t\tWebdesign\t\t\t\t\t\t<\/h3>\n\t\t\t\t\t\n\t\t\t\t\t\t\t\t\t\t\t<div class=\"elementor-flip-box__layer__description\">\n\t\t\t\t\t\t\tWe'll create the foundation for your online presence that will raise the value of your music brand\t\t\t\t\t\t<\/div>\n\t\t\t\t\t\n\t\t\t\t\t\t\t\t\t\t\t<a class=\"elementor-flip-box__button elementor-button elementor-size-sm\" href=\"https:\/\/artistmage.hu\/en\/szolgaltatasok\/zenei-weboldal\/\">\n\t\t\t\t\t\t\tClick here\t\t\t\t\t\t<\/a>\n\t\t\t\t\t\t\t\t<\/div>\n\t\t<\/div>\n\t\t<\/div>\n\t\t<\/div>\n\t\t\t\t<\/div>\n\t\t\t\t<\/div>\n\t\t\t\t\t<\/div>\n\t\t<\/div>\n\t\t\t\t<div class=\"elementor-column elementor-col-50 elementor-top-column elementor-element elementor-element-c8dd9e6\" data-id=\"c8dd9e6\" data-element_type=\"column\">\n\t\t\t<div class=\"elementor-widget-wrap elementor-element-populated\">\n\t\t\t\t\t\t\t\t<div class=\"elementor-element elementor-element-152dd8e elementor-flip-box--effect-fade elementor-widget elementor-widget-flip-box\" data-id=\"152dd8e\" data-element_type=\"widget\" data-widget_type=\"flip-box.default\">\n\t\t\t\t<div class=\"elementor-widget-container\">\n\t\t\t\t\t<div class=\"elementor-flip-box\">\n\t\t\t<div class=\"elementor-flip-box__layer elementor-flip-box__front\">\n\t\t\t\t<div class=\"elementor-flip-box__layer__overlay\">\n\t\t\t\t\t<div class=\"elementor-flip-box__layer__inner\">\n\t\t\t\t\t\t\t\t\t\t\t\t\t<div class=\"elementor-icon-wrapper elementor-view-default\">\n\t\t\t\t\t\t\t\t<div class=\"elementor-icon\">\n\t\t\t\t\t\t\t\t\t<i class=\"fas fa-paint-brush\"><\/i>\t\t\t\t\t\t\t\t<\/div>\n\t\t\t\t\t\t\t<\/div>\n\t\t\t\t\t\t\n\t\t\t\t\t\t\t\t\t\t\t\t\t<h3 class=\"elementor-flip-box__layer__title\">\n\t\t\t\t\t\t\t\tGraphic design\t\t\t\t\t\t\t<\/h3>\n\t\t\t\t\t\t\n\t\t\t\t\t\t\t\t\t\t\t<\/div>\n\t\t\t\t<\/div>\n\t\t\t<\/div>\n\t\t\t<div class=\"elementor-flip-box__layer elementor-flip-box__back\">\n\t\t\t<div class=\"elementor-flip-box__layer__overlay\">\n\t\t\t\t<div class=\"elementor-flip-box__layer__inner\">\n\t\t\t\t\t\t\t\t\t\t\t<h3 class=\"elementor-flip-box__layer__title\">\n\t\t\t\t\t\t\tGraphic design\t\t\t\t\t\t<\/h3>\n\t\t\t\t\t\n\t\t\t\t\t\t\t\t\t\t\t<div class=\"elementor-flip-box__layer__description\">\n\t\t\t\t\t\t\tWe can create the cover of your next album, but you can also entrust us with the design of your entire image and merchandise.\t\t\t\t\t\t<\/div>\n\t\t\t\t\t\n\t\t\t\t\t\t\t\t\t\t\t<a class=\"elementor-flip-box__button elementor-button elementor-size-sm\" href=\"https:\/\/artistmage.hu\/en\/szolgaltatasok\/grafikai-tervezes\/\">\n\t\t\t\t\t\t\tClick here\t\t\t\t\t\t<\/a>\n\t\t\t\t\t\t\t\t<\/div>\n\t\t<\/div>\n\t\t<\/div>\n\t\t<\/div>\n\t\t\t\t<\/div>\n\t\t\t\t<\/div>\n\t\t\t\t\t<\/div>\n\t\t<\/div>\n\t\t\t\t\t\t\t<\/div>\n\t\t<\/section>\n\t\t\t\t\t\t\t<\/div>","protected":false},"excerpt":{"rendered":"<p>Weboldal k\u00e9sz\u00edt\u00e9s Weboldal k\u00e9sz\u00edt\u00e9s Elk\u00e9sz\u00edtj\u00fck az online megjelen\u00e9sed alapj\u00e1t, ami felemeli a zenei m\u00e1rk\u00e1d \u00e9rt\u00e9k\u00e9t Kattints ide Grafikai tervez\u00e9s Grafikai tervez\u00e9s Megalkotjuk a k\u00f6vetkez\u0151 kiadv\u00e1nyod bor\u00edt\u00f3j\u00e1t, de a teljes arculat kialak\u00edt\u00e1s\u00e1t, merch term\u00e9kek tervez\u00e9s\u00e9t is r\u00e1nk b\u00edzhatod Kattints ide<\/p>","protected":false},"author":1,"featured_media":3368,"parent":0,"menu_order":0,"comment_status":"closed","ping_status":"closed","template":"","meta":{"footnotes":""},"class_list":["post-1731","page","type-page","status-publish","has-post-thumbnail","hentry"],"yoast_head":"<!-- This site is optimized with the Yoast SEO plugin v19.10 - https:\/\/yoast.com\/wordpress\/plugins\/seo\/ -->\n<title>Szolg\u00e1ltat\u00e1sok | Artistmage<\/title>\n<meta name=\"description\" content=\"Weboldalk\u00e9sz\u00edt\u00e9s \u00e9s Grafikai tervez\u00e9s, zenekarok \u00e9s zenei v\u00e1llalkoz\u00e1sok sz\u00e1m\u00e1ra. \u00dct\u0151s megjelen\u00e9st adunk a zenei projektekhez.\" \/>\n<meta name=\"robots\" content=\"index, follow, max-snippet:-1, max-image-preview:large, max-video-preview:-1\" \/>\n<link rel=\"canonical\" href=\"https:\/\/artistmage.hu\/en\/szolgaltatasok\/\" \/>\n<meta property=\"og:locale\" content=\"en_GB\" \/>\n<meta property=\"og:type\" content=\"article\" \/>\n<meta property=\"og:title\" content=\"Szolg\u00e1ltat\u00e1sok | Artistmage\" \/>\n<meta property=\"og:description\" content=\"Weboldalk\u00e9sz\u00edt\u00e9s \u00e9s Grafikai tervez\u00e9s, zenekarok \u00e9s zenei v\u00e1llalkoz\u00e1sok sz\u00e1m\u00e1ra. \u00dct\u0151s megjelen\u00e9st adunk a zenei projektekhez.\" \/>\n<meta property=\"og:url\" content=\"https:\/\/artistmage.hu\/en\/szolgaltatasok\/\" \/>\n<meta property=\"og:site_name\" content=\"Artistmage\" \/>\n<meta property=\"article:publisher\" content=\"https:\/\/www.facebook.com\/ARTISTMAGE\" \/>\n<meta property=\"article:modified_time\" content=\"2022-08-17T21:58:01+00:00\" \/>\n<meta property=\"og:image\" content=\"https:\/\/artistmage.hu\/wp-content\/uploads\/2022\/08\/szolgaltatasok.jpg\" \/>\n\t<meta property=\"og:image:width\" content=\"767\" \/>\n\t<meta property=\"og:image:height\" content=\"401\" \/>\n\t<meta property=\"og:image:type\" content=\"image\/jpeg\" \/>\n<meta name=\"twitter:card\" content=\"summary_large_image\" \/>\n<meta name=\"twitter:label1\" content=\"Estimated reading time\" \/>\n\t<meta name=\"twitter:data1\" content=\"1 minute\" \/>\n<script type=\"application\/ld+json\" class=\"yoast-schema-graph\">{\"@context\":\"https:\/\/schema.org\",\"@graph\":[{\"@type\":\"WebPage\",\"@id\":\"https:\/\/artistmage.hu\/szolgaltatasok\/\",\"url\":\"https:\/\/artistmage.hu\/szolgaltatasok\/\",\"name\":\"Szolg\u00e1ltat\u00e1sok | Artistmage\",\"isPartOf\":{\"@id\":\"https:\/\/artistmage.hu\/#website\"},\"datePublished\":\"2022-06-28T17:29:34+00:00\",\"dateModified\":\"2022-08-17T21:58:01+00:00\",\"description\":\"Weboldalk\u00e9sz\u00edt\u00e9s \u00e9s Grafikai tervez\u00e9s, zenekarok \u00e9s zenei v\u00e1llalkoz\u00e1sok sz\u00e1m\u00e1ra. \u00dct\u0151s megjelen\u00e9st adunk a zenei projektekhez.\",\"breadcrumb\":{\"@id\":\"https:\/\/artistmage.hu\/szolgaltatasok\/#breadcrumb\"},\"inLanguage\":\"en-GB\",\"potentialAction\":[{\"@type\":\"ReadAction\",\"target\":[\"https:\/\/artistmage.hu\/szolgaltatasok\/\"]}]},{\"@type\":\"BreadcrumbList\",\"@id\":\"https:\/\/artistmage.hu\/szolgaltatasok\/#breadcrumb\",\"itemListElement\":[{\"@type\":\"ListItem\",\"position\":1,\"name\":\"Kezd\u0151lap\",\"item\":\"https:\/\/artistmage.hu\/\"},{\"@type\":\"ListItem\",\"position\":2,\"name\":\"Szolg\u00e1ltat\u00e1sok\"}]},{\"@type\":\"WebSite\",\"@id\":\"https:\/\/artistmage.hu\/#website\",\"url\":\"https:\/\/artistmage.hu\/\",\"name\":\"Artistmage\",\"description\":\"Weboldal \u00e9s grafika, zen\u00e9szekt\u0151l zen\u00e9szeknek\",\"publisher\":{\"@id\":\"https:\/\/artistmage.hu\/#organization\"},\"potentialAction\":[{\"@type\":\"SearchAction\",\"target\":{\"@type\":\"EntryPoint\",\"urlTemplate\":\"https:\/\/artistmage.hu\/?s={search_term_string}\"},\"query-input\":\"required name=search_term_string\"}],\"inLanguage\":\"en-GB\"},{\"@type\":\"Organization\",\"@id\":\"https:\/\/artistmage.hu\/#organization\",\"name\":\"Artistmage\",\"url\":\"https:\/\/artistmage.hu\/\",\"logo\":{\"@type\":\"ImageObject\",\"inLanguage\":\"en-GB\",\"@id\":\"https:\/\/artistmage.hu\/#\/schema\/logo\/image\/\",\"url\":\"https:\/\/artistmage.hu\/wp-content\/uploads\/2022\/07\/artistmage-logo-TEMP_black.png\",\"contentUrl\":\"https:\/\/artistmage.hu\/wp-content\/uploads\/2022\/07\/artistmage-logo-TEMP_black.png\",\"width\":1727,\"height\":199,\"caption\":\"Artistmage\"},\"image\":{\"@id\":\"https:\/\/artistmage.hu\/#\/schema\/logo\/image\/\"},\"sameAs\":[\"https:\/\/www.facebook.com\/ARTISTMAGE\"]}]}<\/script>\n<!-- \/ Yoast SEO plugin. -->","yoast_head_json":{"title":"Szolg\u00e1ltat\u00e1sok | Artistmage","description":"Weboldalk\u00e9sz\u00edt\u00e9s \u00e9s Grafikai tervez\u00e9s, zenekarok \u00e9s zenei v\u00e1llalkoz\u00e1sok sz\u00e1m\u00e1ra. \u00dct\u0151s megjelen\u00e9st adunk a zenei projektekhez.","robots":{"index":"index","follow":"follow","max-snippet":"max-snippet:-1","max-image-preview":"max-image-preview:large","max-video-preview":"max-video-preview:-1"},"canonical":"https:\/\/artistmage.hu\/en\/szolgaltatasok\/","og_locale":"en_GB","og_type":"article","og_title":"Szolg\u00e1ltat\u00e1sok | Artistmage","og_description":"Weboldalk\u00e9sz\u00edt\u00e9s \u00e9s Grafikai tervez\u00e9s, zenekarok \u00e9s zenei v\u00e1llalkoz\u00e1sok sz\u00e1m\u00e1ra. \u00dct\u0151s megjelen\u00e9st adunk a zenei projektekhez.","og_url":"https:\/\/artistmage.hu\/en\/szolgaltatasok\/","og_site_name":"Artistmage","article_publisher":"https:\/\/www.facebook.com\/ARTISTMAGE","article_modified_time":"2022-08-17T21:58:01+00:00","og_image":[{"width":767,"height":401,"url":"https:\/\/artistmage.hu\/wp-content\/uploads\/2022\/08\/szolgaltatasok.jpg","type":"image\/jpeg"}],"twitter_card":"summary_large_image","twitter_misc":{"Estimated reading time":"1 minute"},"schema":{"@context":"https:\/\/schema.org","@graph":[{"@type":"WebPage","@id":"https:\/\/artistmage.hu\/szolgaltatasok\/","url":"https:\/\/artistmage.hu\/szolgaltatasok\/","name":"Szolg\u00e1ltat\u00e1sok | Artistmage","isPartOf":{"@id":"https:\/\/artistmage.hu\/#website"},"datePublished":"2022-06-28T17:29:34+00:00","dateModified":"2022-08-17T21:58:01+00:00","description":"Weboldalk\u00e9sz\u00edt\u00e9s \u00e9s Grafikai tervez\u00e9s, zenekarok \u00e9s zenei v\u00e1llalkoz\u00e1sok sz\u00e1m\u00e1ra. \u00dct\u0151s megjelen\u00e9st adunk a zenei projektekhez.","breadcrumb":{"@id":"https:\/\/artistmage.hu\/szolgaltatasok\/#breadcrumb"},"inLanguage":"en-GB","potentialAction":[{"@type":"ReadAction","target":["https:\/\/artistmage.hu\/szolgaltatasok\/"]}]},{"@type":"BreadcrumbList","@id":"https:\/\/artistmage.hu\/szolgaltatasok\/#breadcrumb","itemListElement":[{"@type":"ListItem","position":1,"name":"Kezd\u0151lap","item":"https:\/\/artistmage.hu\/"},{"@type":"ListItem","position":2,"name":"Szolg\u00e1ltat\u00e1sok"}]},{"@type":"WebSite","@id":"https:\/\/artistmage.hu\/#website","url":"https:\/\/artistmage.hu\/","name":"Artistmage","description":"Weboldal \u00e9s grafika, zen\u00e9szekt\u0151l zen\u00e9szeknek","publisher":{"@id":"https:\/\/artistmage.hu\/#organization"},"potentialAction":[{"@type":"SearchAction","target":{"@type":"EntryPoint","urlTemplate":"https:\/\/artistmage.hu\/?s={search_term_string}"},"query-input":"required name=search_term_string"}],"inLanguage":"en-GB"},{"@type":"Organization","@id":"https:\/\/artistmage.hu\/#organization","name":"Artistmage","url":"https:\/\/artistmage.hu\/","logo":{"@type":"ImageObject","inLanguage":"en-GB","@id":"https:\/\/artistmage.hu\/#\/schema\/logo\/image\/","url":"https:\/\/artistmage.hu\/wp-content\/uploads\/2022\/07\/artistmage-logo-TEMP_black.png","contentUrl":"https:\/\/artistmage.hu\/wp-content\/uploads\/2022\/07\/artistmage-logo-TEMP_black.png","width":1727,"height":199,"caption":"Artistmage"},"image":{"@id":"https:\/\/artistmage.hu\/#\/schema\/logo\/image\/"},"sameAs":["https:\/\/www.facebook.com\/ARTISTMAGE"]}]}},"_links":{"self":[{"href":"https:\/\/artistmage.hu\/en\/wp-json\/wp\/v2\/pages\/1731","targetHints":{"allow":["GET"]}}],"collection":[{"href":"https:\/\/artistmage.hu\/en\/wp-json\/wp\/v2\/pages"}],"about":[{"href":"https:\/\/artistmage.hu\/en\/wp-json\/wp\/v2\/types\/page"}],"author":[{"embeddable":true,"href":"https:\/\/artistmage.hu\/en\/wp-json\/wp\/v2\/users\/1"}],"replies":[{"embeddable":true,"href":"https:\/\/artistmage.hu\/en\/wp-json\/wp\/v2\/comments?post=1731"}],"version-history":[{"count":19,"href":"https:\/\/artistmage.hu\/en\/wp-json\/wp\/v2\/pages\/1731\/revisions"}],"predecessor-version":[{"id":3521,"href":"https:\/\/artistmage.hu\/en\/wp-json\/wp\/v2\/pages\/1731\/revisions\/3521"}],"wp:featuredmedia":[{"embeddable":true,"href":"https:\/\/artistmage.hu\/en\/wp-json\/wp\/v2\/media\/3368"}],"wp:attachment":[{"href":"https:\/\/artistmage.hu\/en\/wp-json\/wp\/v2\/media?parent=1731"}],"curies":[{"name":"wp","href":"https:\/\/api.w.org\/{rel}","templated":true}]}}